{"id":59,"date":"2026-02-19T11:27:33","date_gmt":"2026-02-19T11:27:33","guid":{"rendered":"https:\/\/album.fr\/?page_id=59"},"modified":"2026-05-06T14:35:58","modified_gmt":"2026-05-06T14:35:58","slug":"momie-toys-paris","status":"publish","type":"page","link":"https:\/\/album.fr\/index.php\/momie-toys-paris\/","title":{"rendered":"Momie Toys Paris"},"content":{"rendered":"\n<p class=\"has-text-align-center has-medium-large-font-size\"><strong>MOMIE TOYS<\/strong><\/p>\n\n\n\n<figure class=\"wp-block-video alignfull\"><video height=\"560\" style=\"aspect-ratio: 1920 \/ 560;\" width=\"1920\" autoplay loop muted src=\"http:\/\/album.fr\/wp-content\/uploads\/2026\/04\/download-1.mp4\" playsinline><\/video><\/figure>\n\n\n\n<div style=\"height:31px\" aria-hidden=\"true\" class=\"wp-block-spacer\"><\/div>\n\n\n\n<hr class=\"wp-block-separator has-alpha-channel-opacity\"\/>\n\n\n\n<div style=\"height:55px\" aria-hidden=\"true\" class=\"wp-block-spacer\"><\/div>\n\n\n\n<h2 class=\"wp-block-heading alignwide has-text-align-center\"><strong>NOS DERNI\u00c8RES ACTUALIT\u00c9S<\/strong><\/h2>\n\n\n\n<div style=\"height:15px\" aria-hidden=\"true\" class=\"wp-block-spacer\"><\/div>\n\n\n\n<div class=\"wp-block-query alignfull is-layout-flow wp-block-query-is-layout-flow\"><ul style=\"border-style:none;border-width:0px; margin-right:var(--wp--preset--spacing--80);margin-left:var(--wp--preset--spacing--80);margin-top:0;margin-bottom:0;\" class=\"columns-4 is-style-default wp-block-post-template is-layout-grid wp-container-core-post-template-is-layout-edd4ccac wp-block-post-template-is-layout-grid\"><li class=\"wp-block-post post-626 post type-post status-publish format-standard has-post-thumbnail hentry category-evenement-comics tag-edition-momie\">\n\n<div class=\"wp-block-columns are-vertically-aligned-center is-layout-flex wp-container-core-columns-is-layout-9c22b1e3 wp-block-columns-is-layout-flex\">\n<div class=\"wp-block-column is-vertically-aligned-center is-layout-flow wp-block-column-is-layout-flow\" style=\"flex-basis:100%\"><figure style=\"margin-right:0;margin-left:0;\" class=\"aligncenter wp-block-post-featured-image\"><a href=\"https:\/\/album.fr\/index.php\/2026\/04\/30\/le-nouveau-comics-nemesis-forever-sera-accompagne-dune-jaquette-album-comics-signee\/\" target=\"_self\"  ><img loading=\"lazy\" decoding=\"async\" width=\"1080\" height=\"1350\" src=\"https:\/\/album.fr\/wp-content\/uploads\/2026\/04\/RS_AlbumComics_Jaquette_NemesisForever_1080x1350.png\" class=\"attachment-post-thumbnail size-post-thumbnail wp-post-image\" alt=\"Le nouveau Comics Nemesis Forever sera accompagn\u00e9 d&rsquo;une Jaquette Album Comics sign\u00e9e !\" style=\"border-top-left-radius:20px;border-top-right-radius:20px;border-bottom-left-radius:20px;border-bottom-right-radius:20px;object-fit:contain;\" srcset=\"https:\/\/album.fr\/wp-content\/uploads\/2026\/04\/RS_AlbumComics_Jaquette_NemesisForever_1080x1350.png 1080w, https:\/\/album.fr\/wp-content\/uploads\/2026\/04\/RS_AlbumComics_Jaquette_NemesisForever_1080x1350-240x300.png 240w, https:\/\/album.fr\/wp-content\/uploads\/2026\/04\/RS_AlbumComics_Jaquette_NemesisForever_1080x1350-819x1024.png 819w, https:\/\/album.fr\/wp-content\/uploads\/2026\/04\/RS_AlbumComics_Jaquette_NemesisForever_1080x1350-768x960.png 768w\" sizes=\"auto, (max-width: 1080px) 100vw, 1080px\" \/><\/a><\/figure>\n\n<h2 class=\"has-text-align-center wp-block-post-title\"><a href=\"https:\/\/album.fr\/index.php\/2026\/04\/30\/le-nouveau-comics-nemesis-forever-sera-accompagne-dune-jaquette-album-comics-signee\/\" target=\"_self\" >Le nouveau Comics Nemesis Forever sera accompagn\u00e9 d&rsquo;une Jaquette Album Comics sign\u00e9e !<\/a><\/h2><\/div>\n<\/div>\n\n<\/li><li class=\"wp-block-post post-555 post type-post status-publish format-standard has-post-thumbnail hentry category-evenement-manga tag-edition-momie\">\n\n<div class=\"wp-block-columns are-vertically-aligned-center is-layout-flex wp-container-core-columns-is-layout-9c22b1e3 wp-block-columns-is-layout-flex\">\n<div class=\"wp-block-column is-vertically-aligned-center is-layout-flow wp-block-column-is-layout-flow\" style=\"flex-basis:100%\"><figure style=\"margin-right:0;margin-left:0;\" class=\"aligncenter wp-block-post-featured-image\"><a href=\"https:\/\/album.fr\/index.php\/2026\/04\/24\/une-jaquette-momie-pour-le-nouveau-one-shot-bride-of-ignat\/\" target=\"_self\"  ><img loading=\"lazy\" decoding=\"async\" width=\"1080\" height=\"1350\" src=\"https:\/\/album.fr\/wp-content\/uploads\/2026\/04\/RS_MomieMangas_Jaquette_BrideOfIgnat_1080x1350.png\" class=\"attachment-post-thumbnail size-post-thumbnail wp-post-image\" alt=\"Une jaquette Momie pour le nouveau One-Shot Bride of Ignat\" style=\"border-top-left-radius:20px;border-top-right-radius:20px;border-bottom-left-radius:20px;border-bottom-right-radius:20px;object-fit:contain;\" srcset=\"https:\/\/album.fr\/wp-content\/uploads\/2026\/04\/RS_MomieMangas_Jaquette_BrideOfIgnat_1080x1350.png 1080w, https:\/\/album.fr\/wp-content\/uploads\/2026\/04\/RS_MomieMangas_Jaquette_BrideOfIgnat_1080x1350-240x300.png 240w, https:\/\/album.fr\/wp-content\/uploads\/2026\/04\/RS_MomieMangas_Jaquette_BrideOfIgnat_1080x1350-819x1024.png 819w, https:\/\/album.fr\/wp-content\/uploads\/2026\/04\/RS_MomieMangas_Jaquette_BrideOfIgnat_1080x1350-768x960.png 768w\" sizes=\"auto, (max-width: 1080px) 100vw, 1080px\" \/><\/a><\/figure>\n\n<h2 class=\"has-text-align-center wp-block-post-title\"><a href=\"https:\/\/album.fr\/index.php\/2026\/04\/24\/une-jaquette-momie-pour-le-nouveau-one-shot-bride-of-ignat\/\" target=\"_self\" >Une jaquette Momie pour le nouveau One-Shot Bride of Ignat<\/a><\/h2><\/div>\n<\/div>\n\n<\/li><li class=\"wp-block-post post-546 post type-post status-publish format-standard has-post-thumbnail hentry category-evenement-manga tag-edition-momie\">\n\n<div class=\"wp-block-columns are-vertically-aligned-center is-layout-flex wp-container-core-columns-is-layout-9c22b1e3 wp-block-columns-is-layout-flex\">\n<div class=\"wp-block-column is-vertically-aligned-center is-layout-flow wp-block-column-is-layout-flow\" style=\"flex-basis:100%\"><figure style=\"margin-right:0;margin-left:0;\" class=\"aligncenter wp-block-post-featured-image\"><a href=\"https:\/\/album.fr\/index.php\/2026\/04\/24\/une-jaquette-momie-pour-le-nouveau-manga-no-devil\/\" target=\"_self\"  ><img loading=\"lazy\" decoding=\"async\" width=\"1080\" height=\"1350\" src=\"https:\/\/album.fr\/wp-content\/uploads\/2026\/04\/RS_MomieMangas_Jaquette_NoDevil_1080x1350.png\" class=\"attachment-post-thumbnail size-post-thumbnail wp-post-image\" alt=\"Une jaquette Momie pour le nouveau Manga No Devil !\" style=\"border-top-left-radius:20px;border-top-right-radius:20px;border-bottom-left-radius:20px;border-bottom-right-radius:20px;object-fit:contain;\" srcset=\"https:\/\/album.fr\/wp-content\/uploads\/2026\/04\/RS_MomieMangas_Jaquette_NoDevil_1080x1350.png 1080w, https:\/\/album.fr\/wp-content\/uploads\/2026\/04\/RS_MomieMangas_Jaquette_NoDevil_1080x1350-240x300.png 240w, https:\/\/album.fr\/wp-content\/uploads\/2026\/04\/RS_MomieMangas_Jaquette_NoDevil_1080x1350-819x1024.png 819w, https:\/\/album.fr\/wp-content\/uploads\/2026\/04\/RS_MomieMangas_Jaquette_NoDevil_1080x1350-768x960.png 768w\" sizes=\"auto, (max-width: 1080px) 100vw, 1080px\" \/><\/a><\/figure>\n\n<h2 class=\"has-text-align-center wp-block-post-title\"><a href=\"https:\/\/album.fr\/index.php\/2026\/04\/24\/une-jaquette-momie-pour-le-nouveau-manga-no-devil\/\" target=\"_self\" >Une jaquette Momie pour le nouveau Manga No Devil !<\/a><\/h2><\/div>\n<\/div>\n\n<\/li><li class=\"wp-block-post post-384 post type-post status-publish format-standard has-post-thumbnail hentry category-evenement-comics tag-dedicace\">\n\n<div class=\"wp-block-columns are-vertically-aligned-center is-layout-flex wp-container-core-columns-is-layout-9c22b1e3 wp-block-columns-is-layout-flex\">\n<div class=\"wp-block-column is-vertically-aligned-center is-layout-flow wp-block-column-is-layout-flow\" style=\"flex-basis:100%\"><figure style=\"margin-right:0;margin-left:0;\" class=\"aligncenter wp-block-post-featured-image\"><a href=\"https:\/\/album.fr\/index.php\/2026\/04\/15\/le-fcbd-arrive-chez-album-comics\/\" target=\"_self\"  ><img loading=\"lazy\" decoding=\"async\" width=\"1080\" height=\"1350\" src=\"https:\/\/album.fr\/wp-content\/uploads\/2026\/04\/RS_AlbumComics_FCBD_2026_Programme_1080x1350-1.png\" class=\"attachment-post-thumbnail size-post-thumbnail wp-post-image\" alt=\"Qui dit FCBD dit d\u00e9dicaces chez Album Comics !\" style=\"border-top-left-radius:20px;border-top-right-radius:20px;border-bottom-left-radius:20px;border-bottom-right-radius:20px;object-fit:contain;\" srcset=\"https:\/\/album.fr\/wp-content\/uploads\/2026\/04\/RS_AlbumComics_FCBD_2026_Programme_1080x1350-1.png 1080w, https:\/\/album.fr\/wp-content\/uploads\/2026\/04\/RS_AlbumComics_FCBD_2026_Programme_1080x1350-1-240x300.png 240w, https:\/\/album.fr\/wp-content\/uploads\/2026\/04\/RS_AlbumComics_FCBD_2026_Programme_1080x1350-1-819x1024.png 819w, https:\/\/album.fr\/wp-content\/uploads\/2026\/04\/RS_AlbumComics_FCBD_2026_Programme_1080x1350-1-768x960.png 768w\" sizes=\"auto, (max-width: 1080px) 100vw, 1080px\" \/><\/a><\/figure>\n\n<h2 class=\"has-text-align-center wp-block-post-title\"><a href=\"https:\/\/album.fr\/index.php\/2026\/04\/15\/le-fcbd-arrive-chez-album-comics\/\" target=\"_self\" >Qui dit FCBD dit d\u00e9dicaces chez Album Comics !<\/a><\/h2><\/div>\n<\/div>\n\n<\/li><\/ul><\/div>\n\n\n\n<div style=\"height:6px\" aria-hidden=\"true\" class=\"wp-block-spacer\"><\/div>\n\n\n\n<div class=\"wp-block-buttons alignwide is-content-justification-center is-layout-flex wp-container-core-buttons-is-layout-a89b3969 wp-block-buttons-is-layout-flex\" id=\"over-scale\">\n<div class=\"wp-block-button\"><a class=\"wp-block-button__link wp-element-button\" href=\"https:\/\/album.fr\/index.php\/category\/evenement-comics\/\">VOIR TOUTES NOS ACTUALIT\u00c9S<\/a><\/div>\n<\/div>\n\n\n\n<div style=\"height:20px\" aria-hidden=\"true\" class=\"wp-block-spacer\"><\/div>\n\n\n\n<hr class=\"wp-block-separator has-alpha-channel-opacity\"\/>\n\n\n\n<div style=\"height:18px\" aria-hidden=\"true\" class=\"wp-block-spacer\"><\/div>\n\n\n\n<h2 class=\"wp-block-heading alignwide has-text-align-center\"><strong>LES TOYS FAVORIS DE NOTRE \u00c9QUIPE<\/strong><\/h2>\n\n\n\n<div class=\"wp-block-query alignwide is-layout-flow wp-block-query-is-layout-flow\"><ul class=\"wp-block-post-template is-layout-flow wp-block-post-template-is-layout-flow\"><li class=\"wp-block-post post-594 post type-post status-publish format-standard has-post-thumbnail hentry category-coup-de-coeur-toys tag-figurine-articulee\">\n\n<div class=\"wp-block-columns alignwide is-layout-flex wp-container-core-columns-is-layout-28f84493 wp-block-columns-is-layout-flex\">\n<div class=\"wp-block-column is-layout-flow wp-block-column-is-layout-flow\" style=\"flex-basis:66.66%\"><figure class=\"wp-block-post-featured-image\"><a href=\"https:\/\/album.fr\/index.php\/2026\/05\/06\/le-coup-de-coeur-sh-figuarts-dragon-ball-z\/\" target=\"_self\"  ><img loading=\"lazy\" decoding=\"async\" width=\"1170\" height=\"1170\" src=\"https:\/\/album.fr\/wp-content\/uploads\/2026\/04\/0C7DF501-9253-40FB-8B6A-90FAA772D396-1170x1170.png\" class=\"attachment-post-thumbnail size-post-thumbnail wp-post-image\" alt=\"Le Coup de C\u0153ur SH Figuarts Dragon Ball Z\" style=\"object-fit:cover;\" srcset=\"https:\/\/album.fr\/wp-content\/uploads\/2026\/04\/0C7DF501-9253-40FB-8B6A-90FAA772D396-1170x1170.png 1170w, https:\/\/album.fr\/wp-content\/uploads\/2026\/04\/0C7DF501-9253-40FB-8B6A-90FAA772D396-300x300.png 300w, https:\/\/album.fr\/wp-content\/uploads\/2026\/04\/0C7DF501-9253-40FB-8B6A-90FAA772D396-1024x1024.png 1024w, https:\/\/album.fr\/wp-content\/uploads\/2026\/04\/0C7DF501-9253-40FB-8B6A-90FAA772D396-150x150.png 150w, https:\/\/album.fr\/wp-content\/uploads\/2026\/04\/0C7DF501-9253-40FB-8B6A-90FAA772D396-768x768.png 768w, https:\/\/album.fr\/wp-content\/uploads\/2026\/04\/0C7DF501-9253-40FB-8B6A-90FAA772D396-1536x1536.png 1536w, https:\/\/album.fr\/wp-content\/uploads\/2026\/04\/0C7DF501-9253-40FB-8B6A-90FAA772D396-2048x2048.png 2048w\" sizes=\"auto, (max-width: 1170px) 100vw, 1170px\" \/><\/a><\/figure><\/div>\n\n\n\n<div class=\"wp-block-column is-vertically-aligned-center is-layout-flow wp-block-column-is-layout-flow\" style=\"flex-basis:80%\"><h2 class=\"wp-block-post-title\"><a href=\"https:\/\/album.fr\/index.php\/2026\/05\/06\/le-coup-de-coeur-sh-figuarts-dragon-ball-z\/\" target=\"_self\" >Le Coup de C\u0153ur SH Figuarts Dragon Ball Z<\/a><\/h2>\n\n<div class=\"wp-block-post-excerpt\"><p class=\"wp-block-post-excerpt__excerpt\">Une des SH Figuarts pr\u00e9f\u00e9r\u00e9e de F\u00e9lix, c&rsquo;est la r\u00e9\u00e9dition de Freezer Fourth Form, sortie en avril 2026 !<\/p><p class=\"wp-block-post-excerpt__more-text\"><a class=\"wp-block-post-excerpt__more-link\" href=\"https:\/\/album.fr\/index.php\/2026\/05\/06\/le-coup-de-coeur-sh-figuarts-dragon-ball-z\/\">Lire la suite&#8230;<\/a><\/p><\/div><\/div>\n<\/div>\n\n<\/li><li class=\"wp-block-post post-602 post type-post status-publish format-standard has-post-thumbnail hentry category-coup-de-coeur-toys tag-figurine-articulee tag-maquette\">\n\n<div class=\"wp-block-columns alignwide is-layout-flex wp-container-core-columns-is-layout-28f84493 wp-block-columns-is-layout-flex\">\n<div class=\"wp-block-column is-layout-flow wp-block-column-is-layout-flow\" style=\"flex-basis:66.66%\"><figure class=\"wp-block-post-featured-image\"><a href=\"https:\/\/album.fr\/index.php\/2026\/05\/06\/le-meilleur-blokees-st-seiya-selon-felix\/\" target=\"_self\"  ><img loading=\"lazy\" decoding=\"async\" width=\"1170\" height=\"1170\" src=\"https:\/\/album.fr\/wp-content\/uploads\/2026\/04\/91D5BEF4-4943-4E4E-8435-83E49FF7497E-1170x1170.png\" class=\"attachment-post-thumbnail size-post-thumbnail wp-post-image\" alt=\"Le meilleur Blokees St Seiya selon F\u00e9lix !\" style=\"object-fit:cover;\" srcset=\"https:\/\/album.fr\/wp-content\/uploads\/2026\/04\/91D5BEF4-4943-4E4E-8435-83E49FF7497E-1170x1170.png 1170w, https:\/\/album.fr\/wp-content\/uploads\/2026\/04\/91D5BEF4-4943-4E4E-8435-83E49FF7497E-300x300.png 300w, https:\/\/album.fr\/wp-content\/uploads\/2026\/04\/91D5BEF4-4943-4E4E-8435-83E49FF7497E-1024x1024.png 1024w, https:\/\/album.fr\/wp-content\/uploads\/2026\/04\/91D5BEF4-4943-4E4E-8435-83E49FF7497E-150x150.png 150w, https:\/\/album.fr\/wp-content\/uploads\/2026\/04\/91D5BEF4-4943-4E4E-8435-83E49FF7497E-768x768.png 768w, https:\/\/album.fr\/wp-content\/uploads\/2026\/04\/91D5BEF4-4943-4E4E-8435-83E49FF7497E-1536x1536.png 1536w, https:\/\/album.fr\/wp-content\/uploads\/2026\/04\/91D5BEF4-4943-4E4E-8435-83E49FF7497E-2048x2048.png 2048w\" sizes=\"auto, (max-width: 1170px) 100vw, 1170px\" \/><\/a><\/figure><\/div>\n\n\n\n<div class=\"wp-block-column is-vertically-aligned-center is-layout-flow wp-block-column-is-layout-flow\" style=\"flex-basis:80%\"><h2 class=\"wp-block-post-title\"><a href=\"https:\/\/album.fr\/index.php\/2026\/05\/06\/le-meilleur-blokees-st-seiya-selon-felix\/\" target=\"_self\" >Le meilleur Blokees St Seiya selon F\u00e9lix !<\/a><\/h2>\n\n<div class=\"wp-block-post-excerpt\"><p class=\"wp-block-post-excerpt__excerpt\">Connaissez-vous les Blokees ? Ces super figurines articul\u00e9es \u00e0 construire soi-m\u00eame. Ici, F\u00e9lix vous propose de d\u00e9couvrir le Blokees Champion Class de Pegasus, issu du Manga de Masami Kurumada : Saint Seiya.<\/p><p class=\"wp-block-post-excerpt__more-text\"><a class=\"wp-block-post-excerpt__more-link\" href=\"https:\/\/album.fr\/index.php\/2026\/05\/06\/le-meilleur-blokees-st-seiya-selon-felix\/\">Lire la suite&#8230;<\/a><\/p><\/div><\/div>\n<\/div>\n\n<\/li><\/ul><\/div>\n\n\n\n<div class=\"wp-block-buttons alignwide is-content-justification-center is-layout-flex wp-container-core-buttons-is-layout-a89b3969 wp-block-buttons-is-layout-flex\">\n<div class=\"wp-block-button\"><a class=\"wp-block-button__link wp-element-button\" href=\"https:\/\/album.fr\/index.php\/category\/coup-de-coeur-toys\/\">D\u00c9COUVRIR TOUS LES PRODUITS<\/a><\/div>\n<\/div>\n\n\n\n<div style=\"height:40px\" aria-hidden=\"true\" class=\"wp-block-spacer\"><\/div>\n\n\n\n<hr class=\"wp-block-separator has-alpha-channel-opacity\"\/>\n\n\n\n<div style=\"height:42px\" aria-hidden=\"true\" class=\"wp-block-spacer\"><\/div>\n\n\n\n<h2 class=\"wp-block-heading alignwide has-text-align-center\"><strong>ABONNEZ-VOUS \u00c0 NOTRE NEWSLETTER POUR NE PAS MANQUER NOS<br>DERNI\u00c8RES ACTUALIT\u00c9S !<\/strong><\/h2>\n\n\n\n<div style=\"height:11px\" aria-hidden=\"true\" class=\"wp-block-spacer\"><\/div>\n\n\n\n<div class=\"wp-block-buttons alignwide is-content-justification-center is-layout-flex wp-container-core-buttons-is-layout-a89b3969 wp-block-buttons-is-layout-flex\">\n<div class=\"wp-block-button\"><a class=\"wp-block-button__link wp-element-button\" href=\"https:\/\/album.fr\/index.php\/inscription-a-la-newsletter-alerte-mangas\/\">JE M&rsquo;ABONNE \u00c0 LA NEWSLETTER<\/a><\/div>\n<\/div>\n\n\n\n<div style=\"height:100px\" aria-hidden=\"true\" class=\"wp-block-spacer\"><\/div>\n\n\n\n<div class=\"wp-block-group alignfull has-dark-background-color has-background is-layout-flow wp-block-group-is-layout-flow\" style=\"padding-top:100px\">\n<div class=\"wp-block-group is-layout-constrained wp-container-core-group-is-layout-05539529 wp-block-group-is-layout-constrained\">\n<hr class=\"wp-block-separator has-text-color has-alpha-channel-opacity has-background is-style-wide\" style=\"background-color:#2b2d31;color:#2b2d31\"\/>\n<\/div>\n\n\n\n<div class=\"wp-block-group is-layout-constrained wp-container-core-group-is-layout-f75d6d06 wp-block-group-is-layout-constrained\" style=\"padding-top:60px;padding-bottom:60px\">\n<div class=\"wp-block-columns is-layout-flex wp-container-core-columns-is-layout-28f84493 wp-block-columns-is-layout-flex\">\n<div class=\"wp-block-column is-layout-flow wp-block-column-is-layout-flow\" style=\"padding-bottom:40px;flex-basis:46%\">\n<div class=\"wp-block-group is-layout-flow wp-container-core-group-is-layout-4ed06fcf wp-block-group-is-layout-flow\"><div class=\"wp-block-site-logo\"><a href=\"https:\/\/album.fr\/\" class=\"custom-logo-link\" rel=\"home\"><img loading=\"lazy\" decoding=\"async\" width=\"163\" height=\"163\" src=\"https:\/\/album.fr\/wp-content\/uploads\/2026\/02\/Album_Paris_Gris.png\" class=\"custom-logo\" alt=\"Album.fr\" srcset=\"https:\/\/album.fr\/wp-content\/uploads\/2026\/02\/Album_Paris_Gris.png 2000w, https:\/\/album.fr\/wp-content\/uploads\/2026\/02\/Album_Paris_Gris-300x300.png 300w, https:\/\/album.fr\/wp-content\/uploads\/2026\/02\/Album_Paris_Gris-1024x1024.png 1024w, https:\/\/album.fr\/wp-content\/uploads\/2026\/02\/Album_Paris_Gris-150x150.png 150w, https:\/\/album.fr\/wp-content\/uploads\/2026\/02\/Album_Paris_Gris-768x768.png 768w, https:\/\/album.fr\/wp-content\/uploads\/2026\/02\/Album_Paris_Gris-1536x1536.png 1536w, https:\/\/album.fr\/wp-content\/uploads\/2026\/02\/Album_Paris_Gris-175x175.png 175w\" sizes=\"auto, (max-width: 163px) 100vw, 163px\" \/><\/a><\/div><\/div>\n\n\n\n<div class=\"wp-block-group is-layout-flow wp-block-group-is-layout-flow\" style=\"padding-right:20%\">\n<p class=\"has-light-color has-text-color has-small-font-size\">Album Comics : 67 boulevard St Germain, 75005 Paris<br>Momie Mangas : 55 &amp; 38 rue St Jacques, 75005 Paris<br>Momie BD : 8 rue Dante, 75005 Paris<\/p>\n<\/div>\n<\/div>\n\n\n\n<div class=\"wp-block-column is-layout-flow wp-block-column-is-layout-flow\" style=\"padding-bottom:40px;flex-basis:18%\"><nav style=\"font-size:1.125rem;\" class=\"has-text-color has-light-color items-justified-left is-vertical wp-block-navigation is-content-justification-left is-layout-flex wp-container-core-navigation-is-layout-bb3849cc wp-block-navigation-is-layout-flex\" aria-label=\"Menu 2\"><ul style=\"font-size:1.125rem;\" class=\"wp-block-navigation__container has-text-color has-light-color items-justified-left is-vertical wp-block-navigation\"><li style=\"font-size: 1.125rem;\" class=\" wp-block-navigation-item wp-block-navigation-link\"><a class=\"wp-block-navigation-item__content\"  href=\"https:\/\/www.albumcomics.com\/\" target=\"_blank\"  ><span class=\"wp-block-navigation-item__label\">Albumcomics.com<\/span><\/a><\/li><li style=\"font-size: 1.125rem;\" class=\" wp-block-navigation-item wp-block-navigation-link\"><a class=\"wp-block-navigation-item__content\"  href=\"https:\/\/www.albumcomics.com\/nous-contacter\" target=\"_blank\"  ><span class=\"wp-block-navigation-item__label\">Contact<\/span><\/a><\/li><li style=\"font-size: 1.125rem;\" class=\" wp-block-navigation-item wp-block-navigation-link\"><a class=\"wp-block-navigation-item__content\"  href=\"https:\/\/www.albumcomics.com\/content\/4-a-propos\" target=\"_blank\"  ><span class=\"wp-block-navigation-item__label\">Nos Magasins<\/span><\/a><\/li><\/ul><\/nav><\/div>\n\n\n\n<div class=\"wp-block-column is-layout-flow wp-block-column-is-layout-flow\" style=\"flex-basis:18%\"><nav style=\"font-size:1.125rem;\" class=\"has-text-color has-light-color items-justified-left is-vertical wp-block-navigation is-content-justification-left is-layout-flex wp-container-core-navigation-is-layout-bb3849cc wp-block-navigation-is-layout-flex\" aria-label=\"Menu 14\"><ul style=\"font-size:1.125rem;\" class=\"wp-block-navigation__container has-text-color has-light-color items-justified-left is-vertical wp-block-navigation\"><li style=\"font-size: 1.125rem;\" class=\" wp-block-navigation-item wp-block-navigation-link\"><a class=\"wp-block-navigation-item__content\"  href=\"https:\/\/www.instagram.com\/album_comics\/\" target=\"_blank\"  ><span class=\"wp-block-navigation-item__label\">Instagram<\/span><\/a><\/li><li style=\"font-size: 1.125rem;\" class=\" wp-block-navigation-item wp-block-navigation-link\"><a class=\"wp-block-navigation-item__content\"  href=\"https:\/\/www.tiktok.com\/@album.comics.paris\" target=\"_blank\"  ><span class=\"wp-block-navigation-item__label\">TikTok<\/span><\/a><\/li><li style=\"font-size: 1.125rem;\" class=\" wp-block-navigation-item wp-block-navigation-link\"><a class=\"wp-block-navigation-item__content\"  href=\"https:\/\/fr-fr.facebook.com\/Album.comics.paris\/\" target=\"_blank\"  ><span class=\"wp-block-navigation-item__label\">Facebook<\/span><\/a><\/li><li style=\"font-size: 1.125rem;\" class=\" wp-block-navigation-item wp-block-navigation-link\"><a class=\"wp-block-navigation-item__content\"  href=\"https:\/\/x.com\/AlbumComics\"><span class=\"wp-block-navigation-item__label\">X<\/span><\/a><\/li><li style=\"font-size: 1.125rem;\" class=\" wp-block-navigation-item wp-block-navigation-link\"><a class=\"wp-block-navigation-item__content\"  href=\"https:\/\/www.youtube.com\/@AlbumComicsByMomie\"><span class=\"wp-block-navigation-item__label\">YouTube<\/span><\/a><\/li><\/ul><\/nav><\/div>\n<\/div>\n<\/div>\n\n\n\n<div class=\"wp-block-group is-layout-constrained wp-container-core-group-is-layout-8acaa5ce wp-block-group-is-layout-constrained\" style=\"padding-bottom:20px\">\n<div class=\"wp-block-group is-content-justification-center is-layout-flex wp-container-core-group-is-layout-dcff0ec4 wp-block-group-is-layout-flex\">\n<p class=\"ona-copyright has-text-light-color has-text-color has-link-color has-tiny-font-size wp-elements-9c815c79705810d2e80e5dd764205659\">\u00a9 2026 Powered by <a href=\"https:\/\/deothemes.com\/wordpress-themes\/ona-block-wordpress-theme\/\" style=\"color:inherit\">Ona WordPress theme<\/a><\/p>\n\n\n<nav class=\"has-text-color has-text-light-color has-tiny-font-size items-justified-right ona-sm-down-justify-content-center wp-block-navigation is-content-justification-right is-layout-flex wp-container-core-navigation-is-layout-ffdeb3c7 wp-block-navigation-is-layout-flex\"><ul class=\"wp-block-navigation__container has-text-color has-text-light-color has-tiny-font-size items-justified-right ona-sm-down-justify-content-center wp-block-navigation has-tiny-font-size\"><li class=\"has-tiny-font-size wp-block-navigation-item wp-block-navigation-link\"><a class=\"wp-block-navigation-item__content\"  href=\"http:\/\/Privacy%20Policy\"><span class=\"wp-block-navigation-item__label\">Politique de confidentialit\u00e9<\/span><\/a><\/li><li class=\"has-tiny-font-size wp-block-navigation-item wp-block-navigation-link\"><a class=\"wp-block-navigation-item__content\"  href=\"http:\/\/Terms%20&#038;%20Conditions\"><span class=\"wp-block-navigation-item__label\">Termes &amp; conditions<\/span><\/a><\/li><\/ul><\/nav><\/div>\n<\/div>\n<\/div>\n\n\n\n<p><\/p>\n","protected":false},"excerpt":{"rendered":"<p>MOMIE TOYS NOS DERNI\u00c8RES ACTUALIT\u00c9S LES TOYS FAVORIS DE NOTRE \u00c9QUIPE ABONNEZ-VOUS \u00c0 NOTRE NEWSLETTER POUR NE PAS MANQUER NOSDERNI\u00c8RES ACTUALIT\u00c9S ! Album Comics : 67 boulevard St Germain, 75005 ParisMomie Mangas : 55 &amp; 38 rue St Jacques, 75005 ParisMomie BD : 8 rue Dante, 75005 Paris \u00a9 2026 Powered by Ona WordPress theme<\/p>\n","protected":false},"author":1,"featured_media":544,"parent":0,"menu_order":0,"comment_status":"closed","ping_status":"closed","template":"","meta":{"footnotes":""},"class_list":["post-59","page","type-page","status-publish","has-post-thumbnail","hentry"],"_links":{"self":[{"href":"https:\/\/album.fr\/index.php\/wp-json\/wp\/v2\/pages\/59","targetHints":{"allow":["GET"]}}],"collection":[{"href":"https:\/\/album.fr\/index.php\/wp-json\/wp\/v2\/pages"}],"about":[{"href":"https:\/\/album.fr\/index.php\/wp-json\/wp\/v2\/types\/page"}],"author":[{"embeddable":true,"href":"https:\/\/album.fr\/index.php\/wp-json\/wp\/v2\/users\/1"}],"replies":[{"embeddable":true,"href":"https:\/\/album.fr\/index.php\/wp-json\/wp\/v2\/comments?post=59"}],"version-history":[{"count":15,"href":"https:\/\/album.fr\/index.php\/wp-json\/wp\/v2\/pages\/59\/revisions"}],"predecessor-version":[{"id":677,"href":"https:\/\/album.fr\/index.php\/wp-json\/wp\/v2\/pages\/59\/revisions\/677"}],"wp:featuredmedia":[{"embeddable":true,"href":"https:\/\/album.fr\/index.php\/wp-json\/wp\/v2\/media\/544"}],"wp:attachment":[{"href":"https:\/\/album.fr\/index.php\/wp-json\/wp\/v2\/media?parent=59"}],"curies":[{"name":"wp","href":"https:\/\/api.w.org\/{rel}","templated":true}]}}